{"id":8481,"date":"2022-11-14T23:48:52","date_gmt":"2022-11-14T23:48:52","guid":{"rendered":"http:\/\/custint.com\/?page_id=8481"},"modified":"2024-10-09T11:15:50","modified_gmt":"2024-10-09T16:15:50","slug":"univride","status":"publish","type":"page","link":"https:\/\/custint.com\/en\/univride\/","title":{"rendered":"UnivRide"},"content":{"rendered":"<div data-elementor-type=\"wp-page\" data-elementor-id=\"8481\" class=\"elementor elementor-8481\">\n\t\t\t\t\t\t\t\t\t<section class=\"elementor-section elementor-top-section elementor-element elementor-element-6489484a elementor-section-full_width elementor-section-height-default elementor-section-height-default qodef-elementor-content-no\" data-id=\"6489484a\" data-element_type=\"section\">\n\t\t\t\t\t\t<div class=\"elementor-container elementor-column-gap-default\">\n\t\t\t\t\t<div class=\"elementor-column elementor-col-100 elementor-top-column elementor-element elementor-element-68fbfe63\" data-id=\"68fbfe63\" data-element_type=\"column\">\n\t\t\t<div class=\"elementor-widget-wrap elementor-element-populated\">\n\t\t\t\t\t\t\t\t<div class=\"elementor-element elementor-element-6812a2d elementor-widget-mobile__width-inherit elementor-widget elementor-widget-globefarer_vertical_split_slider\" data-id=\"6812a2d\" data-element_type=\"widget\" data-widget_type=\"globefarer_vertical_split_slider.default\">\n\t\t\t\t<div class=\"elementor-widget-container\">\n\t\t\t<div class=\"qodef-shortcode qodef-m  qodef-vertical-split-slider qodef-disable-below--1024\">\n\t<div class=\"ms-left\">\n\t\t\t\t\t\t\t\t\t\t\t\t\t\t\t\t\t\t\t\t<div class=\"ms-section ms-table qodef-m-slide-image  qodef-slide-layout--image-left qodef-slide-cursor--light\" data-header-skin=\"light\" style=\"background-image: url(https:\/\/custint.com\/wp-content\/uploads\/2022\/11\/Un-iv.png)\">\n\t\t\t\t\t\t    <div class=\"qodef-m-label-holder\">\n        <div class=\"qodef-m-label\">\n            <div class=\"qodef-m-label-counter\">\n                01            <\/div>\n            <div class=\"qodef-m-label-text\">\n                What is it?            <\/div>\n        <\/div>\n    <\/div>\n\t\t\t\t\t<\/div>\n\t\t\t\t\t\t\t\t\t\t\t\t\t\t\t\t\t\t\t\t<div class=\"ms-section ms-table qodef-m-slide-content qodef-content-layout--type-2 qodef-slide-layout--image-right qodef-slide-cursor--dark\" style=\"background-color: #F2C047\" data-header-skin=\"dark\">\n\t\t\t\t\t\t\t\t<h2 class=\"qodef-m-title\">\n\tWhy use UnivRide?\t<\/h2>\n\t<div class=\"qodef-shortcode qodef-m  qodef-icon-list-item qodef-icon--predefined\" >\t<p class=\"qodef-m-list-title\" >\t\t\t<span class=\"qodef-m-list-title-inner\">\t\t\t<span class=\"qodef-m-list-title-icon\">\t\t\t\t<svg class=\"qodef-svg--tick qodef-e-predefined-icon\" xmlns=\"http:\/\/www.w3.org\/2000\/svg\" width=\"16.971\" height=\"12.728\" viewbox=\"0 0 16.971 12.728\"><g transform=\"translate(-766.793 -1747.429)\"><rect width=\"16\" height=\"2\" transform=\"translate(771.035 1758.743) rotate(-45)\"\/><rect width=\"2\" height=\"8\" transform=\"translate(773.864 1758.743) rotate(135)\"\/><\/g><\/svg>\t\t\t<\/span>\t\t\t<span class=\"qodef-m-list-title-text\">It generates routes according to the real need, seeking to optimize them by capturing the location of the students.<\/span>\t\t<\/span>\t\t\t<\/p><\/div>\t<div class=\"qodef-shortcode qodef-m  qodef-icon-list-item qodef-icon--predefined\" >\t<p class=\"qodef-m-list-title\" >\t\t\t<span class=\"qodef-m-list-title-inner\">\t\t\t<span class=\"qodef-m-list-title-icon\">\t\t\t\t<svg class=\"qodef-svg--tick qodef-e-predefined-icon\" xmlns=\"http:\/\/www.w3.org\/2000\/svg\" width=\"16.971\" height=\"12.728\" viewbox=\"0 0 16.971 12.728\"><g transform=\"translate(-766.793 -1747.429)\"><rect width=\"16\" height=\"2\" transform=\"translate(771.035 1758.743) rotate(-45)\"\/><rect width=\"2\" height=\"8\" transform=\"translate(773.864 1758.743) rotate(135)\"\/><\/g><\/svg>\t\t\t<\/span>\t\t\t<span class=\"qodef-m-list-title-text\">Punctuality and increased security.<\/span>\t\t<\/span>\t\t\t<\/p><\/div>\t<div class=\"qodef-m-image\">\n\t\t<img decoding=\"async\" width=\"270\" height=\"300\" src=\"https:\/\/custint.com\/wp-content\/uploads\/2022\/11\/univvv-1-270x300.jpg\" class=\"attachment-medium size-medium\" alt=\"\" srcset=\"https:\/\/custint.com\/wp-content\/uploads\/2022\/11\/univvv-1-270x300.jpg 270w, https:\/\/custint.com\/wp-content\/uploads\/2022\/11\/univvv-1-922x1024.jpg 922w, https:\/\/custint.com\/wp-content\/uploads\/2022\/11\/univvv-1-768x853.jpg 768w, https:\/\/custint.com\/wp-content\/uploads\/2022\/11\/univvv-1-1382x1536.jpg 1382w, https:\/\/custint.com\/wp-content\/uploads\/2022\/11\/univvv-1-1843x2048.jpg 1843w\" sizes=\"(max-width: 270px) 100vw, 270px\" \/>\t<\/div>\n\t\t\t\t\t<\/div>\n\t\t\t\t\t\t\t\t\t\t\t\t\t\t\t\t\t\t\t\t<div class=\"ms-section ms-table qodef-m-slide-image  qodef-slide-layout--image-left qodef-slide-cursor--light\" data-header-skin=\"light\" style=\"background-image: url(https:\/\/custint.com\/wp-content\/uploads\/2022\/11\/univv-scaled.jpg)\">\n\t\t\t\t\t\t    <div class=\"qodef-m-label-holder\">\n        <div class=\"qodef-m-label\">\n            <div class=\"qodef-m-label-counter\">\n                03            <\/div>\n            <div class=\"qodef-m-label-text\">\n                Experience and benefits             <\/div>\n        <\/div>\n    <\/div>\n\t\t\t\t\t<\/div>\n\t\t\t\t\t\t\t\t\t\t\t\t\t\t\t\t\t\t\t\t<div class=\"ms-section ms-table qodef-m-slide-content qodef-content-layout--type-3 qodef-slide-layout--image-right qodef-slide-cursor--light\" style=\"background-color: #F2C047\" data-header-skin=\"light\">\n\t\t\t\t\t\t\t\t<h2 class=\"qodef-m-title\">\n\tWait soon and start enjoying this advantage.\t<\/h2>\n<a class=\"qodef-shortcode qodef-m  qodef-button qodef-layout--textual  qodef-html--link\" href=\"\" target=\"_self\"  >\t\t\t<span class=\"qodef-m-button-icon\"><svg class=\"qodef-svg--plus\" xmlns=\"http:\/\/www.w3.org\/2000\/svg\" xmlns:xlink=\"http:\/\/www.w3.org\/1999\/xlink\" width=\"14\" height=\"14\" viewbox=\"0 0 14 14\"><path class=\"qodef-m-horizontal\" d=\"M0,0H14V2H0Z\" transform=\"translate(0 6)\" \/><path class=\"qodef-m-vertical\" d=\"M0,0H2V14H0Z\" transform=\"translate(6)\" \/><\/svg><\/span>\t\t\t\t<span class=\"qodef-m-button-text\">.<\/span>\t<\/a>\t<div class=\"qodef-m-image\">\n\t\t<img decoding=\"async\" width=\"300\" height=\"200\" src=\"https:\/\/custint.com\/wp-content\/uploads\/2022\/11\/close-up-woman-holding-card-300x200.jpg\" class=\"attachment-medium size-medium\" alt=\"\" srcset=\"https:\/\/custint.com\/wp-content\/uploads\/2022\/11\/close-up-woman-holding-card-300x200.jpg 300w, https:\/\/custint.com\/wp-content\/uploads\/2022\/11\/close-up-woman-holding-card-1024x683.jpg 1024w, https:\/\/custint.com\/wp-content\/uploads\/2022\/11\/close-up-woman-holding-card-768x512.jpg 768w, https:\/\/custint.com\/wp-content\/uploads\/2022\/11\/close-up-woman-holding-card-1536x1024.jpg 1536w, https:\/\/custint.com\/wp-content\/uploads\/2022\/11\/close-up-woman-holding-card-2048x1365.jpg 2048w\" sizes=\"(max-width: 300px) 100vw, 300px\" \/>\t<\/div>\n\t\t\t\t\t<\/div>\n\t\t\t\t\t\t\t\t\t\t<\/div><!-- .ms-left -->\n\t<div class=\"ms-right\">\n\t\t\t\t\t\t\t\t\t\t\t\t\t\t\t\t\t\t\t\t<div class=\"ms-section ms-table qodef-m-slide-content qodef-content-layout--type-1 qodef-slide-layout--image-left qodef-slide-cursor--light\" style=\"\">\n\t\t\t\t\t\t\t\t<h1 class=\"qodef-m-title\">\n\tWhat is UnivRide?\t<\/h1>\n\t<p class=\"qodef-m-text\">UnivRide is a platform that helps college students find safe and affordable transportation options.<\/p>\n\t<div class=\"qodef-m-image\">\n\t\t<img decoding=\"async\" width=\"300\" height=\"200\" src=\"https:\/\/custint.com\/wp-content\/uploads\/2022\/11\/public-bus-with-no-people-during-covid19-worldwide-epidemic-300x200.jpg\" class=\"attachment-medium size-medium\" alt=\"\" srcset=\"https:\/\/custint.com\/wp-content\/uploads\/2022\/11\/public-bus-with-no-people-during-covid19-worldwide-epidemic-300x200.jpg 300w, https:\/\/custint.com\/wp-content\/uploads\/2022\/11\/public-bus-with-no-people-during-covid19-worldwide-epidemic-1024x683.jpg 1024w, https:\/\/custint.com\/wp-content\/uploads\/2022\/11\/public-bus-with-no-people-during-covid19-worldwide-epidemic-768x512.jpg 768w, https:\/\/custint.com\/wp-content\/uploads\/2022\/11\/public-bus-with-no-people-during-covid19-worldwide-epidemic-1536x1024.jpg 1536w, https:\/\/custint.com\/wp-content\/uploads\/2022\/11\/public-bus-with-no-people-during-covid19-worldwide-epidemic-2048x1365.jpg 2048w\" sizes=\"(max-width: 300px) 100vw, 300px\" \/>\t<\/div>\n\t\t\t\t\t<\/div>\n\t\t\t\t\t\t\t\t\t\t\t\t\t\t\t\t\t\t\t\t<div class=\"ms-section ms-table qodef-m-slide-image  qodef-slide-layout--image-right qodef-slide-cursor--dark\" style=\"background-image: url(https:\/\/custint.com\/wp-content\/uploads\/2024\/10\/iStock-1045071950.jpg)\">\n\t\t\t\t\t\t    <div class=\"qodef-m-label-holder\">\n        <div class=\"qodef-m-label\">\n            <div class=\"qodef-m-label-counter\">\n                02            <\/div>\n            <div class=\"qodef-m-label-text\">\n                Why use it?            <\/div>\n        <\/div>\n    <\/div>\n\t\t\t\t\t<\/div>\n\t\t\t\t\t\t\t\t\t\t\t\t\t\t\t\t\t\t\t\t<div class=\"ms-section ms-table qodef-m-slide-content qodef-content-layout--type-3 qodef-slide-layout--image-left qodef-slide-cursor--light\" style=\"\">\n\t\t\t\t\t\t\t\t<h2 class=\"qodef-m-title\">\n\tExperience and benefits \t<\/h2>\n\t<p class=\"qodef-m-text\">This platform provides detailed information on each student for each transportation service, no-show alarms, travel time measurement, satisfaction measurement, a web-based management dashboard with alerts, capacity measurement and cost versus revenue measurement.<\/p>\n<a class=\"qodef-shortcode qodef-m  qodef-button qodef-layout--textual  qodef-html--link\" href=\"\" target=\"_self\"  >\t\t\t<span class=\"qodef-m-button-icon\"><svg class=\"qodef-svg--plus\" xmlns=\"http:\/\/www.w3.org\/2000\/svg\" xmlns:xlink=\"http:\/\/www.w3.org\/1999\/xlink\" width=\"14\" height=\"14\" viewbox=\"0 0 14 14\"><path class=\"qodef-m-horizontal\" d=\"M0,0H14V2H0Z\" transform=\"translate(0 6)\" \/><path class=\"qodef-m-vertical\" d=\"M0,0H2V14H0Z\" transform=\"translate(6)\" \/><\/svg><\/span>\t\t\t\t<span class=\"qodef-m-button-text\">Read more<br \/> about this<\/span>\t<\/a>\t<div class=\"qodef-m-image\">\n\t\t<img decoding=\"async\" width=\"274\" height=\"300\" src=\"https:\/\/custint.com\/wp-content\/uploads\/2022\/11\/unnn-274x300.jpg\" class=\"attachment-medium size-medium\" alt=\"\" srcset=\"https:\/\/custint.com\/wp-content\/uploads\/2022\/11\/unnn-274x300.jpg 274w, https:\/\/custint.com\/wp-content\/uploads\/2022\/11\/unnn-934x1024.jpg 934w, https:\/\/custint.com\/wp-content\/uploads\/2022\/11\/unnn-768x842.jpg 768w, https:\/\/custint.com\/wp-content\/uploads\/2022\/11\/unnn-1401x1536.jpg 1401w, https:\/\/custint.com\/wp-content\/uploads\/2022\/11\/unnn-1868x2048.jpg 1868w\" sizes=\"(max-width: 274px) 100vw, 274px\" \/>\t<\/div>\n\t\t\t\t\t<\/div>\n\t\t\t\t\t\t\t\t\t\t\t\t\t\t\t\t\t\t\t\t<div class=\"ms-section ms-table qodef-m-slide-image  qodef-slide-layout--image-right qodef-slide-cursor--light\" style=\"background-image: url(https:\/\/custint.com\/wp-content\/uploads\/2022\/11\/Univride.png)\">\n\t\t\t\t\t\t    <div class=\"qodef-m-label-holder\">\n        <div class=\"qodef-m-label\">\n            <div class=\"qodef-m-label-counter\">\n                04            <\/div>\n            <div class=\"qodef-m-label-text\">\n                Great launch!            <\/div>\n        <\/div>\n    <\/div>\n\t\t\t\t\t<\/div>\n\t\t\t\t\t\t\t\t\t\t<\/div><!-- .ms-right -->\n<\/div>\n<div class=\"qodef-vertical-split-slider-responsive qodef-m\">\n\t\t\t\t\t\t\t\t\t\t<div class=\"qodef-m-slide-image  qodef-slide-layout--image-left qodef-slide-cursor--light\" style=\"background-image: url(https:\/\/custint.com\/wp-content\/uploads\/2022\/11\/Un-iv.png)\">\n\t\t\t\t    <div class=\"qodef-m-label-holder\">\n        <div class=\"qodef-m-label\">\n            <div class=\"qodef-m-label-counter\">\n                01            <\/div>\n            <div class=\"qodef-m-label-text\">\n                What is it?            <\/div>\n        <\/div>\n    <\/div>\n\t\t\t<\/div>\n\t\t\t<div class=\"qodef-m-slide-content qodef-content-layout--type-1 qodef-slide-layout--image-left qodef-slide-cursor--light\" style=\"\">\n\t\t\t\t\t\t<h1 class=\"qodef-m-title\">\n\tWhat is UnivRide?\t<\/h1>\n\t<p class=\"qodef-m-text\">UnivRide is a platform that helps college students find safe and affordable transportation options.<\/p>\n\t\t\t<\/div>\n\t\t\t\t\t\t\t\t<div class=\"qodef-m-slide-image  qodef-slide-layout--image-right qodef-slide-cursor--dark\" style=\"background-image: url(https:\/\/custint.com\/wp-content\/uploads\/2024\/10\/iStock-1045071950.jpg)\">\n\t\t\t\t    <div class=\"qodef-m-label-holder\">\n        <div class=\"qodef-m-label\">\n            <div class=\"qodef-m-label-counter\">\n                02            <\/div>\n            <div class=\"qodef-m-label-text\">\n                Why use it?            <\/div>\n        <\/div>\n    <\/div>\n\t\t\t<\/div>\n\t\t\t<div class=\"qodef-m-slide-content qodef-content-layout--type-2 qodef-slide-layout--image-right qodef-slide-cursor--dark\" style=\"background-color: #F2C047\">\n\t\t\t\t\t\t<h2 class=\"qodef-m-title\">\n\tWhy use UnivRide?\t<\/h2>\n\t<div class=\"qodef-shortcode qodef-m  qodef-icon-list-item qodef-icon--predefined\" >\t<p class=\"qodef-m-list-title\" >\t\t\t<span class=\"qodef-m-list-title-inner\">\t\t\t<span class=\"qodef-m-list-title-icon\">\t\t\t\t<svg class=\"qodef-svg--tick qodef-e-predefined-icon\" xmlns=\"http:\/\/www.w3.org\/2000\/svg\" width=\"16.971\" height=\"12.728\" viewbox=\"0 0 16.971 12.728\"><g transform=\"translate(-766.793 -1747.429)\"><rect width=\"16\" height=\"2\" transform=\"translate(771.035 1758.743) rotate(-45)\"\/><rect width=\"2\" height=\"8\" transform=\"translate(773.864 1758.743) rotate(135)\"\/><\/g><\/svg>\t\t\t<\/span>\t\t\t<span class=\"qodef-m-list-title-text\">It generates routes according to the real need, seeking to optimize them by capturing the location of the students.<\/span>\t\t<\/span>\t\t\t<\/p><\/div>\t<div class=\"qodef-shortcode qodef-m  qodef-icon-list-item qodef-icon--predefined\" >\t<p class=\"qodef-m-list-title\" >\t\t\t<span class=\"qodef-m-list-title-inner\">\t\t\t<span class=\"qodef-m-list-title-icon\">\t\t\t\t<svg class=\"qodef-svg--tick qodef-e-predefined-icon\" xmlns=\"http:\/\/www.w3.org\/2000\/svg\" width=\"16.971\" height=\"12.728\" viewbox=\"0 0 16.971 12.728\"><g transform=\"translate(-766.793 -1747.429)\"><rect width=\"16\" height=\"2\" transform=\"translate(771.035 1758.743) rotate(-45)\"\/><rect width=\"2\" height=\"8\" transform=\"translate(773.864 1758.743) rotate(135)\"\/><\/g><\/svg>\t\t\t<\/span>\t\t\t<span class=\"qodef-m-list-title-text\">Punctuality and increased security.<\/span>\t\t<\/span>\t\t\t<\/p><\/div>\t\t\t<\/div>\n\t\t\t\t\t\t\t\t<div class=\"qodef-m-slide-image  qodef-slide-layout--image-left qodef-slide-cursor--light\" style=\"background-image: url(https:\/\/custint.com\/wp-content\/uploads\/2022\/11\/univv-scaled.jpg)\">\n\t\t\t\t    <div class=\"qodef-m-label-holder\">\n        <div class=\"qodef-m-label\">\n            <div class=\"qodef-m-label-counter\">\n                03            <\/div>\n            <div class=\"qodef-m-label-text\">\n                Experience and benefits             <\/div>\n        <\/div>\n    <\/div>\n\t\t\t<\/div>\n\t\t\t<div class=\"qodef-m-slide-content qodef-content-layout--type-3 qodef-slide-layout--image-left qodef-slide-cursor--light\" style=\"\">\n\t\t\t\t\t\t<h2 class=\"qodef-m-title\">\n\tExperience and benefits \t<\/h2>\n\t<p class=\"qodef-m-text\">This platform provides detailed information on each student for each transportation service, no-show alarms, travel time measurement, satisfaction measurement, a web-based management dashboard with alerts, capacity measurement and cost versus revenue measurement.<\/p>\n<a class=\"qodef-shortcode qodef-m  qodef-button qodef-layout--textual  qodef-html--link\" href=\"\" target=\"_self\"  >\t\t\t<span class=\"qodef-m-button-icon\"><svg class=\"qodef-svg--plus\" xmlns=\"http:\/\/www.w3.org\/2000\/svg\" xmlns:xlink=\"http:\/\/www.w3.org\/1999\/xlink\" width=\"14\" height=\"14\" viewbox=\"0 0 14 14\"><path class=\"qodef-m-horizontal\" d=\"M0,0H14V2H0Z\" transform=\"translate(0 6)\" \/><path class=\"qodef-m-vertical\" d=\"M0,0H2V14H0Z\" transform=\"translate(6)\" \/><\/svg><\/span>\t\t\t\t<span class=\"qodef-m-button-text\">Read more<br \/> about this<\/span>\t<\/a>\t\t\t<\/div>\n\t\t\t\t\t\t\t\t<div class=\"qodef-m-slide-image  qodef-slide-layout--image-right qodef-slide-cursor--light\" style=\"background-image: url(https:\/\/custint.com\/wp-content\/uploads\/2022\/11\/Univride.png)\">\n\t\t\t\t    <div class=\"qodef-m-label-holder\">\n        <div class=\"qodef-m-label\">\n            <div class=\"qodef-m-label-counter\">\n                04            <\/div>\n            <div class=\"qodef-m-label-text\">\n                Great launch!            <\/div>\n        <\/div>\n    <\/div>\n\t\t\t<\/div>\n\t\t\t<div class=\"qodef-m-slide-content qodef-content-layout--type-3 qodef-slide-layout--image-right qodef-slide-cursor--light\" style=\"background-color: #F2C047\">\n\t\t\t\t\t\t<h2 class=\"qodef-m-title\">\n\tWait soon and start enjoying this advantage.\t<\/h2>\n<a class=\"qodef-shortcode qodef-m  qodef-button qodef-layout--textual  qodef-html--link\" href=\"\" target=\"_self\"  >\t\t\t<span class=\"qodef-m-button-icon\"><svg class=\"qodef-svg--plus\" xmlns=\"http:\/\/www.w3.org\/2000\/svg\" xmlns:xlink=\"http:\/\/www.w3.org\/1999\/xlink\" width=\"14\" height=\"14\" viewbox=\"0 0 14 14\"><path class=\"qodef-m-horizontal\" d=\"M0,0H14V2H0Z\" transform=\"translate(0 6)\" \/><path class=\"qodef-m-vertical\" d=\"M0,0H2V14H0Z\" transform=\"translate(6)\" \/><\/svg><\/span>\t\t\t\t<span class=\"qodef-m-button-text\">.<\/span>\t<\/a>\t\t\t<\/div>\n\t\t\t<\/div>\n\t\t<\/div>\n\t\t\t\t<\/div>\n\t\t\t\t\t<\/div>\n\t\t<\/div>\n\t\t\t\t\t\t\t<\/div>\n\t\t<\/section>\n\t\t\t\t\t\t\t<\/div>","protected":false},"excerpt":{"rendered":"<p>01 \u00bfQu\u00e9 es? \u00bfPor qu\u00e9 usar UnivRide? Genera las rutas de acuerdo a la necesidad real, buscando la optimizaci\u00f3n de las mismas al capturar la ubicaci\u00f3n de los estudiantes. Puntualidad y aumento de la seguridad. 03 Experiencia y beneficios Esp\u00e9rala pronto y empieza a disfrutar de este beneficio . \u00bfQu\u00e9 es UnivRide? UnivRide es una [&hellip;]<\/p>","protected":false},"author":2,"featured_media":0,"parent":0,"menu_order":0,"comment_status":"closed","ping_status":"closed","template":"","meta":{"footnotes":""},"class_list":["post-8481","page","type-page","status-publish","hentry"],"yoast_head":"<!-- This site is optimized with the Yoast SEO plugin v20.1 - https:\/\/yoast.com\/wordpress\/plugins\/seo\/ -->\n<title>UnivRide - Customer Integrated Solutions<\/title>\n<meta name=\"robots\" content=\"index, follow, max-snippet:-1, max-image-preview:large, max-video-preview:-1\" \/>\n<link rel=\"canonical\" href=\"https:\/\/custint.com\/en\/univride\/\" \/>\n<meta property=\"og:locale\" content=\"en_US\" \/>\n<meta property=\"og:type\" content=\"article\" \/>\n<meta property=\"og:title\" content=\"UnivRide - Customer Integrated Solutions\" \/>\n<meta property=\"og:description\" content=\"01 \u00bfQu\u00e9 es? \u00bfPor qu\u00e9 usar UnivRide? Genera las rutas de acuerdo a la necesidad real, buscando la optimizaci\u00f3n de las mismas al capturar la ubicaci\u00f3n de los estudiantes. Puntualidad y aumento de la seguridad. 03 Experiencia y beneficios Esp\u00e9rala pronto y empieza a disfrutar de este beneficio . \u00bfQu\u00e9 es UnivRide? UnivRide es una [&hellip;]\" \/>\n<meta property=\"og:url\" content=\"https:\/\/custint.com\/en\/univride\/\" \/>\n<meta property=\"og:site_name\" content=\"Customer Integrated Solutions\" \/>\n<meta property=\"article:modified_time\" content=\"2024-10-09T16:15:50+00:00\" \/>\n<meta property=\"og:image\" content=\"https:\/\/custint.com\/wp-content\/uploads\/2022\/11\/univvv-1-270x300.jpg\" \/>\n<meta name=\"twitter:card\" content=\"summary_large_image\" \/>\n<meta name=\"twitter:label1\" content=\"Est. reading time\" \/>\n\t<meta name=\"twitter:data1\" content=\"2 minutes\" \/>\n<script type=\"application\/ld+json\" class=\"yoast-schema-graph\">{\"@context\":\"https:\/\/schema.org\",\"@graph\":[{\"@type\":\"WebPage\",\"@id\":\"https:\/\/custint.com\/univride\/\",\"url\":\"https:\/\/custint.com\/univride\/\",\"name\":\"UnivRide - Customer Integrated Solutions\",\"isPartOf\":{\"@id\":\"https:\/\/custint.com\/#website\"},\"datePublished\":\"2022-11-14T23:48:52+00:00\",\"dateModified\":\"2024-10-09T16:15:50+00:00\",\"breadcrumb\":{\"@id\":\"https:\/\/custint.com\/univride\/#breadcrumb\"},\"inLanguage\":\"en-US\",\"potentialAction\":[{\"@type\":\"ReadAction\",\"target\":[\"https:\/\/custint.com\/univride\/\"]}]},{\"@type\":\"BreadcrumbList\",\"@id\":\"https:\/\/custint.com\/univride\/#breadcrumb\",\"itemListElement\":[{\"@type\":\"ListItem\",\"position\":1,\"name\":\"Home\",\"item\":\"https:\/\/custint.com\/\"},{\"@type\":\"ListItem\",\"position\":2,\"name\":\"UnivRide\"}]},{\"@type\":\"WebSite\",\"@id\":\"https:\/\/custint.com\/#website\",\"url\":\"https:\/\/custint.com\/\",\"name\":\"Customer Integrated Solutions\",\"description\":\"\",\"publisher\":{\"@id\":\"https:\/\/custint.com\/#organization\"},\"potentialAction\":[{\"@type\":\"SearchAction\",\"target\":{\"@type\":\"EntryPoint\",\"urlTemplate\":\"https:\/\/custint.com\/?s={search_term_string}\"},\"query-input\":\"required name=search_term_string\"}],\"inLanguage\":\"en-US\"},{\"@type\":\"Organization\",\"@id\":\"https:\/\/custint.com\/#organization\",\"name\":\"Customer Integrated Solutions\",\"url\":\"https:\/\/custint.com\/\",\"logo\":{\"@type\":\"ImageObject\",\"inLanguage\":\"en-US\",\"@id\":\"https:\/\/custint.com\/#\/schema\/logo\/image\/\",\"url\":\"https:\/\/custint.com\/wp-content\/uploads\/2022\/11\/Logoo.png\",\"contentUrl\":\"https:\/\/custint.com\/wp-content\/uploads\/2022\/11\/Logoo.png\",\"width\":2240,\"height\":1113,\"caption\":\"Customer Integrated Solutions\"},\"image\":{\"@id\":\"https:\/\/custint.com\/#\/schema\/logo\/image\/\"}}]}<\/script>\n<!-- \/ Yoast SEO plugin. -->","yoast_head_json":{"title":"UnivRide - Customer Integrated Solutions","robots":{"index":"index","follow":"follow","max-snippet":"max-snippet:-1","max-image-preview":"max-image-preview:large","max-video-preview":"max-video-preview:-1"},"canonical":"https:\/\/custint.com\/en\/univride\/","og_locale":"en_US","og_type":"article","og_title":"UnivRide - Customer Integrated Solutions","og_description":"01 \u00bfQu\u00e9 es? \u00bfPor qu\u00e9 usar UnivRide? Genera las rutas de acuerdo a la necesidad real, buscando la optimizaci\u00f3n de las mismas al capturar la ubicaci\u00f3n de los estudiantes. Puntualidad y aumento de la seguridad. 03 Experiencia y beneficios Esp\u00e9rala pronto y empieza a disfrutar de este beneficio . \u00bfQu\u00e9 es UnivRide? UnivRide es una [&hellip;]","og_url":"https:\/\/custint.com\/en\/univride\/","og_site_name":"Customer Integrated Solutions","article_modified_time":"2024-10-09T16:15:50+00:00","og_image":[{"url":"https:\/\/custint.com\/wp-content\/uploads\/2022\/11\/univvv-1-270x300.jpg"}],"twitter_card":"summary_large_image","twitter_misc":{"Est. reading time":"2 minutes"},"schema":{"@context":"https:\/\/schema.org","@graph":[{"@type":"WebPage","@id":"https:\/\/custint.com\/univride\/","url":"https:\/\/custint.com\/univride\/","name":"UnivRide - Customer Integrated Solutions","isPartOf":{"@id":"https:\/\/custint.com\/#website"},"datePublished":"2022-11-14T23:48:52+00:00","dateModified":"2024-10-09T16:15:50+00:00","breadcrumb":{"@id":"https:\/\/custint.com\/univride\/#breadcrumb"},"inLanguage":"en-US","potentialAction":[{"@type":"ReadAction","target":["https:\/\/custint.com\/univride\/"]}]},{"@type":"BreadcrumbList","@id":"https:\/\/custint.com\/univride\/#breadcrumb","itemListElement":[{"@type":"ListItem","position":1,"name":"Home","item":"https:\/\/custint.com\/"},{"@type":"ListItem","position":2,"name":"UnivRide"}]},{"@type":"WebSite","@id":"https:\/\/custint.com\/#website","url":"https:\/\/custint.com\/","name":"Customer Integrated Solutions","description":"","publisher":{"@id":"https:\/\/custint.com\/#organization"},"potentialAction":[{"@type":"SearchAction","target":{"@type":"EntryPoint","urlTemplate":"https:\/\/custint.com\/?s={search_term_string}"},"query-input":"required name=search_term_string"}],"inLanguage":"en-US"},{"@type":"Organization","@id":"https:\/\/custint.com\/#organization","name":"Customer Integrated Solutions","url":"https:\/\/custint.com\/","logo":{"@type":"ImageObject","inLanguage":"en-US","@id":"https:\/\/custint.com\/#\/schema\/logo\/image\/","url":"https:\/\/custint.com\/wp-content\/uploads\/2022\/11\/Logoo.png","contentUrl":"https:\/\/custint.com\/wp-content\/uploads\/2022\/11\/Logoo.png","width":2240,"height":1113,"caption":"Customer Integrated Solutions"},"image":{"@id":"https:\/\/custint.com\/#\/schema\/logo\/image\/"}}]}},"_links":{"self":[{"href":"https:\/\/custint.com\/en\/wp-json\/wp\/v2\/pages\/8481","targetHints":{"allow":["GET"]}}],"collection":[{"href":"https:\/\/custint.com\/en\/wp-json\/wp\/v2\/pages"}],"about":[{"href":"https:\/\/custint.com\/en\/wp-json\/wp\/v2\/types\/page"}],"author":[{"embeddable":true,"href":"https:\/\/custint.com\/en\/wp-json\/wp\/v2\/users\/2"}],"replies":[{"embeddable":true,"href":"https:\/\/custint.com\/en\/wp-json\/wp\/v2\/comments?post=8481"}],"version-history":[{"count":92,"href":"https:\/\/custint.com\/en\/wp-json\/wp\/v2\/pages\/8481\/revisions"}],"predecessor-version":[{"id":9260,"href":"https:\/\/custint.com\/en\/wp-json\/wp\/v2\/pages\/8481\/revisions\/9260"}],"wp:attachment":[{"href":"https:\/\/custint.com\/en\/wp-json\/wp\/v2\/media?parent=8481"}],"curies":[{"name":"wp","href":"https:\/\/api.w.org\/{rel}","templated":true}]}}