{"id":8471,"date":"2022-11-14T23:28:02","date_gmt":"2022-11-14T23:28:02","guid":{"rendered":"http:\/\/custint.com\/?page_id=8471"},"modified":"2024-10-10T15:06:16","modified_gmt":"2024-10-10T20:06:16","slug":"autotur","status":"publish","type":"page","link":"https:\/\/custint.com\/en\/autotur\/","title":{"rendered":"AutoTur"},"content":{"rendered":"<div data-elementor-type=\"wp-page\" data-elementor-id=\"8471\" class=\"elementor elementor-8471\">\n\t\t\t\t\t\t\t\t\t<section class=\"elementor-section elementor-top-section elementor-element elementor-element-c9325b8 elementor-section-full_width elementor-section-height-default elementor-section-height-default qodef-elementor-content-no\" data-id=\"c9325b8\" data-element_type=\"section\">\n\t\t\t\t\t\t<div class=\"elementor-container elementor-column-gap-default\">\n\t\t\t\t\t<div class=\"elementor-column elementor-col-100 elementor-top-column elementor-element elementor-element-eb7f163\" data-id=\"eb7f163\" data-element_type=\"column\">\n\t\t\t<div class=\"elementor-widget-wrap elementor-element-populated\">\n\t\t\t\t\t\t\t\t<div class=\"elementor-element elementor-element-7c8e8e86 elementor-widget-mobile__width-inherit elementor-widget elementor-widget-globefarer_vertical_split_slider\" data-id=\"7c8e8e86\" data-element_type=\"widget\" data-widget_type=\"globefarer_vertical_split_slider.default\">\n\t\t\t\t<div class=\"elementor-widget-container\">\n\t\t\t<div class=\"qodef-shortcode qodef-m  qodef-vertical-split-slider qodef-disable-below--1024\">\n\t<div class=\"ms-left\">\n\t\t\t\t\t\t\t\t\t\t\t\t\t\t\t\t\t\t\t\t<div class=\"ms-section ms-table qodef-m-slide-image  qodef-slide-layout--image-left qodef-slide-cursor--light\" data-header-skin=\"light\" style=\"background-image: url(https:\/\/custint.com\/wp-content\/uploads\/2024\/10\/809-2.png)\">\n\t\t\t\t\t\t    <div class=\"qodef-m-label-holder\">\n        <div class=\"qodef-m-label\">\n            <div class=\"qodef-m-label-counter\">\n                01            <\/div>\n            <div class=\"qodef-m-label-text\">\n                What is it?            <\/div>\n        <\/div>\n    <\/div>\n\t\t\t\t\t<\/div>\n\t\t\t\t\t\t\t\t\t\t\t\t\t\t\t\t\t\t\t\t<div class=\"ms-section ms-table qodef-m-slide-content qodef-content-layout--type-2 qodef-slide-layout--image-right qodef-slide-cursor--dark\" style=\"background-color: #CC3333\" data-header-skin=\"dark\">\n\t\t\t\t\t\t\t\t<h2 class=\"qodef-m-title\">\n\t\u00bfPor qu\u00e9 usar AutoTur?\t<\/h2>\n\t<div class=\"qodef-shortcode qodef-m  qodef-icon-list-item qodef-icon--predefined\" >\t<p class=\"qodef-m-list-title\" >\t\t\t<span class=\"qodef-m-list-title-inner\">\t\t\t<span class=\"qodef-m-list-title-icon\">\t\t\t\t<svg class=\"qodef-svg--tick qodef-e-predefined-icon\" xmlns=\"http:\/\/www.w3.org\/2000\/svg\" width=\"16.971\" height=\"12.728\" viewbox=\"0 0 16.971 12.728\"><g transform=\"translate(-766.793 -1747.429)\"><rect width=\"16\" height=\"2\" transform=\"translate(771.035 1758.743) rotate(-45)\"\/><rect width=\"2\" height=\"8\" transform=\"translate(773.864 1758.743) rotate(135)\"\/><\/g><\/svg>\t\t\t<\/span>\t\t\t<span class=\"qodef-m-list-title-text\">Creation and organization of trips and excursions.  Capacity control and passenger consolidation.<\/span>\t\t<\/span>\t\t\t<\/p><\/div>\t<div class=\"qodef-shortcode qodef-m  qodef-icon-list-item qodef-icon--predefined\" >\t<p class=\"qodef-m-list-title\" >\t\t\t<span class=\"qodef-m-list-title-inner\">\t\t\t<span class=\"qodef-m-list-title-icon\">\t\t\t\t<svg class=\"qodef-svg--tick qodef-e-predefined-icon\" xmlns=\"http:\/\/www.w3.org\/2000\/svg\" width=\"16.971\" height=\"12.728\" viewbox=\"0 0 16.971 12.728\"><g transform=\"translate(-766.793 -1747.429)\"><rect width=\"16\" height=\"2\" transform=\"translate(771.035 1758.743) rotate(-45)\"\/><rect width=\"2\" height=\"8\" transform=\"translate(773.864 1758.743) rotate(135)\"\/><\/g><\/svg>\t\t\t<\/span>\t\t\t<span class=\"qodef-m-list-title-text\">Digital purchase, booking and boarding. Real time fares. Various payment methods.<\/span>\t\t<\/span>\t\t\t<\/p><\/div>\t<div class=\"qodef-m-image\">\n\t\t<img decoding=\"async\" width=\"300\" height=\"200\" src=\"https:\/\/custint.com\/wp-content\/uploads\/2022\/11\/group-of-trucks-parked-in-row-300x200.jpg\" class=\"attachment-medium size-medium\" alt=\"\" srcset=\"https:\/\/custint.com\/wp-content\/uploads\/2022\/11\/group-of-trucks-parked-in-row-300x200.jpg 300w, https:\/\/custint.com\/wp-content\/uploads\/2022\/11\/group-of-trucks-parked-in-row-1024x683.jpg 1024w, https:\/\/custint.com\/wp-content\/uploads\/2022\/11\/group-of-trucks-parked-in-row-768x513.jpg 768w, https:\/\/custint.com\/wp-content\/uploads\/2022\/11\/group-of-trucks-parked-in-row-1536x1025.jpg 1536w, https:\/\/custint.com\/wp-content\/uploads\/2022\/11\/group-of-trucks-parked-in-row-2048x1367.jpg 2048w\" sizes=\"(max-width: 300px) 100vw, 300px\" \/>\t<\/div>\n\t\t\t\t\t<\/div>\n\t\t\t\t\t\t\t\t\t\t\t\t\t\t\t\t\t\t\t\t<div class=\"ms-section ms-table qodef-m-slide-image  qodef-slide-layout--image-left qodef-slide-cursor--light\" data-header-skin=\"light\" style=\"background-image: url(https:\/\/custint.com\/wp-content\/uploads\/2022\/11\/person-taking-selfie-with-smartphone-while-in-the-ferris-wheel-scaled.jpg)\">\n\t\t\t\t\t\t    <div class=\"qodef-m-label-holder\">\n        <div class=\"qodef-m-label\">\n            <div class=\"qodef-m-label-counter\">\n                03            <\/div>\n            <div class=\"qodef-m-label-text\">\n                Experience and benefits            <\/div>\n        <\/div>\n    <\/div>\n\t\t\t\t\t<\/div>\n\t\t\t\t\t\t\t\t\t\t\t\t\t\t\t\t\t\t\t\t<div class=\"ms-section ms-table qodef-m-slide-content qodef-content-layout--type-3 qodef-slide-layout--image-right qodef-slide-cursor--light\" style=\"background-color: #CC3333\" data-header-skin=\"light\">\n\t\t\t\t\t\t\t\t<h2 class=\"qodef-m-title\">\n\tDownload the app and start enjoying this benefit\t<\/h2>\n<a class=\"qodef-shortcode qodef-m  qodef-button qodef-layout--textual  qodef-html--link\" href=\"\" target=\"_self\"  >\t\t\t<span class=\"qodef-m-button-icon\"><svg class=\"qodef-svg--plus\" xmlns=\"http:\/\/www.w3.org\/2000\/svg\" xmlns:xlink=\"http:\/\/www.w3.org\/1999\/xlink\" width=\"14\" height=\"14\" viewbox=\"0 0 14 14\"><path class=\"qodef-m-horizontal\" d=\"M0,0H14V2H0Z\" transform=\"translate(0 6)\" \/><path class=\"qodef-m-vertical\" d=\"M0,0H2V14H0Z\" transform=\"translate(6)\" \/><\/svg><\/span>\t\t\t\t<span class=\"qodef-m-button-text\">Download now!<\/span>\t<\/a>\t<div class=\"qodef-m-image\">\n\t\t<img decoding=\"async\" width=\"300\" height=\"200\" src=\"https:\/\/custint.com\/wp-content\/uploads\/2022\/11\/parkinglot-commute-outside-area-auto-300x200.jpg\" class=\"attachment-medium size-medium\" alt=\"\" srcset=\"https:\/\/custint.com\/wp-content\/uploads\/2022\/11\/parkinglot-commute-outside-area-auto-300x200.jpg 300w, https:\/\/custint.com\/wp-content\/uploads\/2022\/11\/parkinglot-commute-outside-area-auto-1024x684.jpg 1024w, https:\/\/custint.com\/wp-content\/uploads\/2022\/11\/parkinglot-commute-outside-area-auto-768x513.jpg 768w, https:\/\/custint.com\/wp-content\/uploads\/2022\/11\/parkinglot-commute-outside-area-auto-1536x1025.jpg 1536w, https:\/\/custint.com\/wp-content\/uploads\/2022\/11\/parkinglot-commute-outside-area-auto-2048x1367.jpg 2048w\" sizes=\"(max-width: 300px) 100vw, 300px\" \/>\t<\/div>\n\t\t\t\t\t<\/div>\n\t\t\t\t\t\t\t\t\t\t<\/div><!-- .ms-left -->\n\t<div class=\"ms-right\">\n\t\t\t\t\t\t\t\t\t\t\t\t\t\t\t\t\t\t\t\t<div class=\"ms-section ms-table qodef-m-slide-content qodef-content-layout--type-1 qodef-slide-layout--image-left qodef-slide-cursor--light\" style=\"\">\n\t\t\t\t\t\t\t\t<h1 class=\"qodef-m-title\">\n\t\u00bfQu\u00e9 es AutoTur?\t<\/h1>\n\t<p class=\"qodef-m-text\">It is a technological tool that digitizes the process of quotation and operation of tourist transportation, in addition to integrating our portfolio of tourist products to the income from transportation rentals.\n<\/p>\n\t<div class=\"qodef-m-image\">\n\t\t<img decoding=\"async\" width=\"300\" height=\"200\" src=\"https:\/\/custint.com\/wp-content\/uploads\/2022\/11\/passenger-sitting-in-the-tram-public-transportation-300x200.jpg\" class=\"attachment-medium size-medium\" alt=\"\" srcset=\"https:\/\/custint.com\/wp-content\/uploads\/2022\/11\/passenger-sitting-in-the-tram-public-transportation-300x200.jpg 300w, https:\/\/custint.com\/wp-content\/uploads\/2022\/11\/passenger-sitting-in-the-tram-public-transportation-1024x683.jpg 1024w, https:\/\/custint.com\/wp-content\/uploads\/2022\/11\/passenger-sitting-in-the-tram-public-transportation-768x512.jpg 768w, https:\/\/custint.com\/wp-content\/uploads\/2022\/11\/passenger-sitting-in-the-tram-public-transportation-1536x1024.jpg 1536w, https:\/\/custint.com\/wp-content\/uploads\/2022\/11\/passenger-sitting-in-the-tram-public-transportation-2048x1365.jpg 2048w\" sizes=\"(max-width: 300px) 100vw, 300px\" \/>\t<\/div>\n\t\t\t\t\t<\/div>\n\t\t\t\t\t\t\t\t\t\t\t\t\t\t\t\t\t\t\t\t<div class=\"ms-section ms-table qodef-m-slide-image  qodef-slide-layout--image-right qodef-slide-cursor--dark\" style=\"background-image: url(https:\/\/custint.com\/wp-content\/uploads\/2022\/11\/AdobeStock_138687991-scaled.jpeg)\">\n\t\t\t\t\t\t    <div class=\"qodef-m-label-holder\">\n        <div class=\"qodef-m-label\">\n            <div class=\"qodef-m-label-counter\">\n                02            <\/div>\n            <div class=\"qodef-m-label-text\">\n                Why use it?            <\/div>\n        <\/div>\n    <\/div>\n\t\t\t\t\t<\/div>\n\t\t\t\t\t\t\t\t\t\t\t\t\t\t\t\t\t\t\t\t<div class=\"ms-section ms-table qodef-m-slide-content qodef-content-layout--type-3 qodef-slide-layout--image-left qodef-slide-cursor--light\" style=\"\">\n\t\t\t\t\t\t\t\t<h2 class=\"qodef-m-title\">\n\tExperience and benefits\t<\/h2>\n\t<p class=\"qodef-m-text\">This platform offers the experience of traveling with comfort and ease. It offers users a variety of benefits, such as a reduced fare, the ability to book travel in advance, enhanced security and first-class customer service. <\/p>\n<a class=\"qodef-shortcode qodef-m  qodef-button qodef-layout--textual  qodef-html--link\" href=\"\" target=\"_self\"  >\t\t\t<span class=\"qodef-m-button-icon\"><svg class=\"qodef-svg--plus\" xmlns=\"http:\/\/www.w3.org\/2000\/svg\" xmlns:xlink=\"http:\/\/www.w3.org\/1999\/xlink\" width=\"14\" height=\"14\" viewbox=\"0 0 14 14\"><path class=\"qodef-m-horizontal\" d=\"M0,0H14V2H0Z\" transform=\"translate(0 6)\" \/><path class=\"qodef-m-vertical\" d=\"M0,0H2V14H0Z\" transform=\"translate(6)\" \/><\/svg><\/span>\t\t\t\t<span class=\"qodef-m-button-text\">Read more<br \/> about this<\/span>\t<\/a>\t<div class=\"qodef-m-image\">\n\t\t<img decoding=\"async\" width=\"300\" height=\"200\" src=\"https:\/\/custint.com\/wp-content\/uploads\/2022\/11\/interior-of-public-bus-transport-1-300x200.jpg\" class=\"attachment-medium size-medium\" alt=\"\" srcset=\"https:\/\/custint.com\/wp-content\/uploads\/2022\/11\/interior-of-public-bus-transport-1-300x200.jpg 300w, https:\/\/custint.com\/wp-content\/uploads\/2022\/11\/interior-of-public-bus-transport-1-1024x683.jpg 1024w, https:\/\/custint.com\/wp-content\/uploads\/2022\/11\/interior-of-public-bus-transport-1-768x512.jpg 768w, https:\/\/custint.com\/wp-content\/uploads\/2022\/11\/interior-of-public-bus-transport-1-1536x1024.jpg 1536w, https:\/\/custint.com\/wp-content\/uploads\/2022\/11\/interior-of-public-bus-transport-1-2048x1365.jpg 2048w\" sizes=\"(max-width: 300px) 100vw, 300px\" \/>\t<\/div>\n\t\t\t\t\t<\/div>\n\t\t\t\t\t\t\t\t\t\t\t\t\t\t\t\t\t\t\t\t<div class=\"ms-section ms-table qodef-m-slide-image  qodef-slide-layout--image-right qodef-slide-cursor--light\" style=\"background-image: url(https:\/\/custint.com\/wp-content\/uploads\/2024\/10\/810-3.png)\">\n\t\t\t\t\t\t    <div class=\"qodef-m-label-holder\">\n        <div class=\"qodef-m-label\">\n            <div class=\"qodef-m-label-counter\">\n                04            <\/div>\n            <div class=\"qodef-m-label-text\">\n                Download now!            <\/div>\n        <\/div>\n    <\/div>\n\t\t\t\t\t<\/div>\n\t\t\t\t\t\t\t\t\t\t<\/div><!-- .ms-right -->\n<\/div>\n<div class=\"qodef-vertical-split-slider-responsive qodef-m\">\n\t\t\t\t\t\t\t\t\t\t<div class=\"qodef-m-slide-image  qodef-slide-layout--image-left qodef-slide-cursor--light\" style=\"background-image: url(https:\/\/custint.com\/wp-content\/uploads\/2024\/10\/809-2.png)\">\n\t\t\t\t    <div class=\"qodef-m-label-holder\">\n        <div class=\"qodef-m-label\">\n            <div class=\"qodef-m-label-counter\">\n                01            <\/div>\n            <div class=\"qodef-m-label-text\">\n                What is it?            <\/div>\n        <\/div>\n    <\/div>\n\t\t\t<\/div>\n\t\t\t<div class=\"qodef-m-slide-content qodef-content-layout--type-1 qodef-slide-layout--image-left qodef-slide-cursor--light\" style=\"\">\n\t\t\t\t\t\t<h1 class=\"qodef-m-title\">\n\t\u00bfQu\u00e9 es AutoTur?\t<\/h1>\n\t<p class=\"qodef-m-text\">It is a technological tool that digitizes the process of quotation and operation of tourist transportation, in addition to integrating our portfolio of tourist products to the income from transportation rentals.\n<\/p>\n\t\t\t<\/div>\n\t\t\t\t\t\t\t\t<div class=\"qodef-m-slide-image  qodef-slide-layout--image-right qodef-slide-cursor--dark\" style=\"background-image: url(https:\/\/custint.com\/wp-content\/uploads\/2022\/11\/AdobeStock_138687991-scaled.jpeg)\">\n\t\t\t\t    <div class=\"qodef-m-label-holder\">\n        <div class=\"qodef-m-label\">\n            <div class=\"qodef-m-label-counter\">\n                02            <\/div>\n            <div class=\"qodef-m-label-text\">\n                Why use it?            <\/div>\n        <\/div>\n    <\/div>\n\t\t\t<\/div>\n\t\t\t<div class=\"qodef-m-slide-content qodef-content-layout--type-2 qodef-slide-layout--image-right qodef-slide-cursor--dark\" style=\"background-color: #CC3333\">\n\t\t\t\t\t\t<h2 class=\"qodef-m-title\">\n\t\u00bfPor qu\u00e9 usar AutoTur?\t<\/h2>\n\t<div class=\"qodef-shortcode qodef-m  qodef-icon-list-item qodef-icon--predefined\" >\t<p class=\"qodef-m-list-title\" >\t\t\t<span class=\"qodef-m-list-title-inner\">\t\t\t<span class=\"qodef-m-list-title-icon\">\t\t\t\t<svg class=\"qodef-svg--tick qodef-e-predefined-icon\" xmlns=\"http:\/\/www.w3.org\/2000\/svg\" width=\"16.971\" height=\"12.728\" viewbox=\"0 0 16.971 12.728\"><g transform=\"translate(-766.793 -1747.429)\"><rect width=\"16\" height=\"2\" transform=\"translate(771.035 1758.743) rotate(-45)\"\/><rect width=\"2\" height=\"8\" transform=\"translate(773.864 1758.743) rotate(135)\"\/><\/g><\/svg>\t\t\t<\/span>\t\t\t<span class=\"qodef-m-list-title-text\">Creation and organization of trips and excursions.  Capacity control and passenger consolidation.<\/span>\t\t<\/span>\t\t\t<\/p><\/div>\t<div class=\"qodef-shortcode qodef-m  qodef-icon-list-item qodef-icon--predefined\" >\t<p class=\"qodef-m-list-title\" >\t\t\t<span class=\"qodef-m-list-title-inner\">\t\t\t<span class=\"qodef-m-list-title-icon\">\t\t\t\t<svg class=\"qodef-svg--tick qodef-e-predefined-icon\" xmlns=\"http:\/\/www.w3.org\/2000\/svg\" width=\"16.971\" height=\"12.728\" viewbox=\"0 0 16.971 12.728\"><g transform=\"translate(-766.793 -1747.429)\"><rect width=\"16\" height=\"2\" transform=\"translate(771.035 1758.743) rotate(-45)\"\/><rect width=\"2\" height=\"8\" transform=\"translate(773.864 1758.743) rotate(135)\"\/><\/g><\/svg>\t\t\t<\/span>\t\t\t<span class=\"qodef-m-list-title-text\">Digital purchase, booking and boarding. Real time fares. Various payment methods.<\/span>\t\t<\/span>\t\t\t<\/p><\/div>\t\t\t<\/div>\n\t\t\t\t\t\t\t\t<div class=\"qodef-m-slide-image  qodef-slide-layout--image-left qodef-slide-cursor--light\" style=\"background-image: url(https:\/\/custint.com\/wp-content\/uploads\/2022\/11\/person-taking-selfie-with-smartphone-while-in-the-ferris-wheel-scaled.jpg)\">\n\t\t\t\t    <div class=\"qodef-m-label-holder\">\n        <div class=\"qodef-m-label\">\n            <div class=\"qodef-m-label-counter\">\n                03            <\/div>\n            <div class=\"qodef-m-label-text\">\n                Experience and benefits            <\/div>\n        <\/div>\n    <\/div>\n\t\t\t<\/div>\n\t\t\t<div class=\"qodef-m-slide-content qodef-content-layout--type-3 qodef-slide-layout--image-left qodef-slide-cursor--light\" style=\"\">\n\t\t\t\t\t\t<h2 class=\"qodef-m-title\">\n\tExperience and benefits\t<\/h2>\n\t<p class=\"qodef-m-text\">This platform offers the experience of traveling with comfort and ease. It offers users a variety of benefits, such as a reduced fare, the ability to book travel in advance, enhanced security and first-class customer service. <\/p>\n<a class=\"qodef-shortcode qodef-m  qodef-button qodef-layout--textual  qodef-html--link\" href=\"\" target=\"_self\"  >\t\t\t<span class=\"qodef-m-button-icon\"><svg class=\"qodef-svg--plus\" xmlns=\"http:\/\/www.w3.org\/2000\/svg\" xmlns:xlink=\"http:\/\/www.w3.org\/1999\/xlink\" width=\"14\" height=\"14\" viewbox=\"0 0 14 14\"><path class=\"qodef-m-horizontal\" d=\"M0,0H14V2H0Z\" transform=\"translate(0 6)\" \/><path class=\"qodef-m-vertical\" d=\"M0,0H2V14H0Z\" transform=\"translate(6)\" \/><\/svg><\/span>\t\t\t\t<span class=\"qodef-m-button-text\">Read more<br \/> about this<\/span>\t<\/a>\t\t\t<\/div>\n\t\t\t\t\t\t\t\t<div class=\"qodef-m-slide-image  qodef-slide-layout--image-right qodef-slide-cursor--light\" style=\"background-image: url(https:\/\/custint.com\/wp-content\/uploads\/2024\/10\/810-3.png)\">\n\t\t\t\t    <div class=\"qodef-m-label-holder\">\n        <div class=\"qodef-m-label\">\n            <div class=\"qodef-m-label-counter\">\n                04            <\/div>\n            <div class=\"qodef-m-label-text\">\n                Download now!            <\/div>\n        <\/div>\n    <\/div>\n\t\t\t<\/div>\n\t\t\t<div class=\"qodef-m-slide-content qodef-content-layout--type-3 qodef-slide-layout--image-right qodef-slide-cursor--light\" style=\"background-color: #CC3333\">\n\t\t\t\t\t\t<h2 class=\"qodef-m-title\">\n\tDownload the app and start enjoying this benefit\t<\/h2>\n<a class=\"qodef-shortcode qodef-m  qodef-button qodef-layout--textual  qodef-html--link\" href=\"\" target=\"_self\"  >\t\t\t<span class=\"qodef-m-button-icon\"><svg class=\"qodef-svg--plus\" xmlns=\"http:\/\/www.w3.org\/2000\/svg\" xmlns:xlink=\"http:\/\/www.w3.org\/1999\/xlink\" width=\"14\" height=\"14\" viewbox=\"0 0 14 14\"><path class=\"qodef-m-horizontal\" d=\"M0,0H14V2H0Z\" transform=\"translate(0 6)\" \/><path class=\"qodef-m-vertical\" d=\"M0,0H2V14H0Z\" transform=\"translate(6)\" \/><\/svg><\/span>\t\t\t\t<span class=\"qodef-m-button-text\">Download now!<\/span>\t<\/a>\t\t\t<\/div>\n\t\t\t<\/div>\n\t\t<\/div>\n\t\t\t\t<\/div>\n\t\t\t\t\t<\/div>\n\t\t<\/div>\n\t\t\t\t\t\t\t<\/div>\n\t\t<\/section>\n\t\t\t\t\t\t\t<\/div>","protected":false},"excerpt":{"rendered":"<p>01 \u00bfQu\u00e9 es? \u00bfPor qu\u00e9 usar AutoTur? Creaci\u00f3n y organizaci\u00f3n de viajes y excursiones. Control de aforo y consolidaci\u00f3n de pasajeros. Compra, reserva y abordaje digital. Tarifas en tiempo real. Diversas modalidades de pago. 03 Experiencia y beneficios Descarga la app y empieza a disfrutar de este beneficio \u00a1Desc\u00e1rgala ahora! \u00bfQu\u00e9 es AutoTur? Es una [&hellip;]<\/p>","protected":false},"author":2,"featured_media":0,"parent":0,"menu_order":0,"comment_status":"closed","ping_status":"closed","template":"","meta":{"footnotes":""},"class_list":["post-8471","page","type-page","status-publish","hentry"],"yoast_head":"<!-- This site is optimized with the Yoast SEO plugin v20.1 - https:\/\/yoast.com\/wordpress\/plugins\/seo\/ -->\n<title>AutoTur - Customer Integrated Solutions<\/title>\n<meta name=\"robots\" content=\"index, follow, max-snippet:-1, max-image-preview:large, max-video-preview:-1\" \/>\n<link rel=\"canonical\" href=\"https:\/\/custint.com\/en\/autotur\/\" \/>\n<meta property=\"og:locale\" content=\"en_US\" \/>\n<meta property=\"og:type\" content=\"article\" \/>\n<meta property=\"og:title\" content=\"AutoTur - Customer Integrated Solutions\" \/>\n<meta property=\"og:description\" content=\"01 \u00bfQu\u00e9 es? \u00bfPor qu\u00e9 usar AutoTur? Creaci\u00f3n y organizaci\u00f3n de viajes y excursiones. Control de aforo y consolidaci\u00f3n de pasajeros. Compra, reserva y abordaje digital. Tarifas en tiempo real. Diversas modalidades de pago. 03 Experiencia y beneficios Descarga la app y empieza a disfrutar de este beneficio \u00a1Desc\u00e1rgala ahora! \u00bfQu\u00e9 es AutoTur? Es una [&hellip;]\" \/>\n<meta property=\"og:url\" content=\"https:\/\/custint.com\/en\/autotur\/\" \/>\n<meta property=\"og:site_name\" content=\"Customer Integrated Solutions\" \/>\n<meta property=\"article:modified_time\" content=\"2024-10-10T20:06:16+00:00\" \/>\n<meta property=\"og:image\" content=\"https:\/\/custint.com\/wp-content\/uploads\/2022\/11\/group-of-trucks-parked-in-row-300x200.jpg\" \/>\n<meta name=\"twitter:card\" content=\"summary_large_image\" \/>\n<meta name=\"twitter:label1\" content=\"Est. reading time\" \/>\n\t<meta name=\"twitter:data1\" content=\"3 minutes\" \/>\n<script type=\"application\/ld+json\" class=\"yoast-schema-graph\">{\"@context\":\"https:\/\/schema.org\",\"@graph\":[{\"@type\":\"WebPage\",\"@id\":\"https:\/\/custint.com\/autotur\/\",\"url\":\"https:\/\/custint.com\/autotur\/\",\"name\":\"AutoTur - Customer Integrated Solutions\",\"isPartOf\":{\"@id\":\"https:\/\/custint.com\/#website\"},\"datePublished\":\"2022-11-14T23:28:02+00:00\",\"dateModified\":\"2024-10-10T20:06:16+00:00\",\"breadcrumb\":{\"@id\":\"https:\/\/custint.com\/autotur\/#breadcrumb\"},\"inLanguage\":\"en-US\",\"potentialAction\":[{\"@type\":\"ReadAction\",\"target\":[\"https:\/\/custint.com\/autotur\/\"]}]},{\"@type\":\"BreadcrumbList\",\"@id\":\"https:\/\/custint.com\/autotur\/#breadcrumb\",\"itemListElement\":[{\"@type\":\"ListItem\",\"position\":1,\"name\":\"Home\",\"item\":\"https:\/\/custint.com\/\"},{\"@type\":\"ListItem\",\"position\":2,\"name\":\"AutoTur\"}]},{\"@type\":\"WebSite\",\"@id\":\"https:\/\/custint.com\/#website\",\"url\":\"https:\/\/custint.com\/\",\"name\":\"Customer Integrated Solutions\",\"description\":\"\",\"publisher\":{\"@id\":\"https:\/\/custint.com\/#organization\"},\"potentialAction\":[{\"@type\":\"SearchAction\",\"target\":{\"@type\":\"EntryPoint\",\"urlTemplate\":\"https:\/\/custint.com\/?s={search_term_string}\"},\"query-input\":\"required name=search_term_string\"}],\"inLanguage\":\"en-US\"},{\"@type\":\"Organization\",\"@id\":\"https:\/\/custint.com\/#organization\",\"name\":\"Customer Integrated Solutions\",\"url\":\"https:\/\/custint.com\/\",\"logo\":{\"@type\":\"ImageObject\",\"inLanguage\":\"en-US\",\"@id\":\"https:\/\/custint.com\/#\/schema\/logo\/image\/\",\"url\":\"https:\/\/custint.com\/wp-content\/uploads\/2022\/11\/Logoo.png\",\"contentUrl\":\"https:\/\/custint.com\/wp-content\/uploads\/2022\/11\/Logoo.png\",\"width\":2240,\"height\":1113,\"caption\":\"Customer Integrated Solutions\"},\"image\":{\"@id\":\"https:\/\/custint.com\/#\/schema\/logo\/image\/\"}}]}<\/script>\n<!-- \/ Yoast SEO plugin. -->","yoast_head_json":{"title":"AutoTur - Customer Integrated Solutions","robots":{"index":"index","follow":"follow","max-snippet":"max-snippet:-1","max-image-preview":"max-image-preview:large","max-video-preview":"max-video-preview:-1"},"canonical":"https:\/\/custint.com\/en\/autotur\/","og_locale":"en_US","og_type":"article","og_title":"AutoTur - Customer Integrated Solutions","og_description":"01 \u00bfQu\u00e9 es? \u00bfPor qu\u00e9 usar AutoTur? Creaci\u00f3n y organizaci\u00f3n de viajes y excursiones. Control de aforo y consolidaci\u00f3n de pasajeros. Compra, reserva y abordaje digital. Tarifas en tiempo real. Diversas modalidades de pago. 03 Experiencia y beneficios Descarga la app y empieza a disfrutar de este beneficio \u00a1Desc\u00e1rgala ahora! \u00bfQu\u00e9 es AutoTur? Es una [&hellip;]","og_url":"https:\/\/custint.com\/en\/autotur\/","og_site_name":"Customer Integrated Solutions","article_modified_time":"2024-10-10T20:06:16+00:00","og_image":[{"url":"https:\/\/custint.com\/wp-content\/uploads\/2022\/11\/group-of-trucks-parked-in-row-300x200.jpg"}],"twitter_card":"summary_large_image","twitter_misc":{"Est. reading time":"3 minutes"},"schema":{"@context":"https:\/\/schema.org","@graph":[{"@type":"WebPage","@id":"https:\/\/custint.com\/autotur\/","url":"https:\/\/custint.com\/autotur\/","name":"AutoTur - Customer Integrated Solutions","isPartOf":{"@id":"https:\/\/custint.com\/#website"},"datePublished":"2022-11-14T23:28:02+00:00","dateModified":"2024-10-10T20:06:16+00:00","breadcrumb":{"@id":"https:\/\/custint.com\/autotur\/#breadcrumb"},"inLanguage":"en-US","potentialAction":[{"@type":"ReadAction","target":["https:\/\/custint.com\/autotur\/"]}]},{"@type":"BreadcrumbList","@id":"https:\/\/custint.com\/autotur\/#breadcrumb","itemListElement":[{"@type":"ListItem","position":1,"name":"Home","item":"https:\/\/custint.com\/"},{"@type":"ListItem","position":2,"name":"AutoTur"}]},{"@type":"WebSite","@id":"https:\/\/custint.com\/#website","url":"https:\/\/custint.com\/","name":"Customer Integrated Solutions","description":"","publisher":{"@id":"https:\/\/custint.com\/#organization"},"potentialAction":[{"@type":"SearchAction","target":{"@type":"EntryPoint","urlTemplate":"https:\/\/custint.com\/?s={search_term_string}"},"query-input":"required name=search_term_string"}],"inLanguage":"en-US"},{"@type":"Organization","@id":"https:\/\/custint.com\/#organization","name":"Customer Integrated Solutions","url":"https:\/\/custint.com\/","logo":{"@type":"ImageObject","inLanguage":"en-US","@id":"https:\/\/custint.com\/#\/schema\/logo\/image\/","url":"https:\/\/custint.com\/wp-content\/uploads\/2022\/11\/Logoo.png","contentUrl":"https:\/\/custint.com\/wp-content\/uploads\/2022\/11\/Logoo.png","width":2240,"height":1113,"caption":"Customer Integrated Solutions"},"image":{"@id":"https:\/\/custint.com\/#\/schema\/logo\/image\/"}}]}},"_links":{"self":[{"href":"https:\/\/custint.com\/en\/wp-json\/wp\/v2\/pages\/8471","targetHints":{"allow":["GET"]}}],"collection":[{"href":"https:\/\/custint.com\/en\/wp-json\/wp\/v2\/pages"}],"about":[{"href":"https:\/\/custint.com\/en\/wp-json\/wp\/v2\/types\/page"}],"author":[{"embeddable":true,"href":"https:\/\/custint.com\/en\/wp-json\/wp\/v2\/users\/2"}],"replies":[{"embeddable":true,"href":"https:\/\/custint.com\/en\/wp-json\/wp\/v2\/comments?post=8471"}],"version-history":[{"count":81,"href":"https:\/\/custint.com\/en\/wp-json\/wp\/v2\/pages\/8471\/revisions"}],"predecessor-version":[{"id":9313,"href":"https:\/\/custint.com\/en\/wp-json\/wp\/v2\/pages\/8471\/revisions\/9313"}],"wp:attachment":[{"href":"https:\/\/custint.com\/en\/wp-json\/wp\/v2\/media?parent=8471"}],"curies":[{"name":"wp","href":"https:\/\/api.w.org\/{rel}","templated":true}]}}